{"id":13,"date":"2012-09-20T17:03:41","date_gmt":"2012-09-20T17:03:41","guid":{"rendered":"http:\/\/www.gtelectricite.com\/?page_id=10"},"modified":"2024-03-04T22:43:27","modified_gmt":"2024-03-04T22:43:27","slug":"services","status":"publish","type":"page","link":"https:\/\/www.gtelectricite.com\/en\/?page_id=13","title":{"rendered":"Services"},"content":{"rendered":"<p>Voici quelques exemples des travaux que nous effectuons couramment:<\/p>\n<p><strong>UNDER CONSTRUCTION<\/strong><\/p>\n<p>N&#8217;h\u00e9sitez pas \u00e0 prendre contact pour tout renseignement ou demande de devis gratuit.<br \/>\nUn formulaire de message est \u00e9galement disponible sur la page &#8220;Contact&#8221;.<\/p>\n","protected":false},"excerpt":{"rendered":"<p>Voici quelques exemples des travaux que nous effectuons couramment: UNDER CONSTRUCTION N&#8217;h\u00e9sitez pas \u00e0 prendre contact pour tout renseignement ou demande de devis gratuit. Un formulaire de message est \u00e9galement disponible sur la page &#8220;Contact&#8221;.<\/p>\n","protected":false},"author":1,"featured_media":0,"parent":0,"menu_order":2,"comment_status":"closed","ping_status":"closed","template":"onecolumn-page.php","meta":{"footnotes":""},"class_list":["post-13","page","type-page","status-publish","hentry"],"_links":{"self":[{"href":"https:\/\/www.gtelectricite.com\/en\/index.php?rest_route=\/wp\/v2\/pages\/13","targetHints":{"allow":["GET"]}}],"collection":[{"href":"https:\/\/www.gtelectricite.com\/en\/index.php?rest_route=\/wp\/v2\/pages"}],"about":[{"href":"https:\/\/www.gtelectricite.com\/en\/index.php?rest_route=\/wp\/v2\/types\/page"}],"author":[{"embeddable":true,"href":"https:\/\/www.gtelectricite.com\/en\/index.php?rest_route=\/wp\/v2\/users\/1"}],"replies":[{"embeddable":true,"href":"https:\/\/www.gtelectricite.com\/en\/index.php?rest_route=%2Fwp%2Fv2%2Fcomments&post=13"}],"version-history":[{"count":3,"href":"https:\/\/www.gtelectricite.com\/en\/index.php?rest_route=\/wp\/v2\/pages\/13\/revisions"}],"predecessor-version":[{"id":126,"href":"https:\/\/www.gtelectricite.com\/en\/index.php?rest_route=\/wp\/v2\/pages\/13\/revisions\/126"}],"wp:attachment":[{"href":"https:\/\/www.gtelectricite.com\/en\/index.php?rest_route=%2Fwp%2Fv2%2Fmedia&parent=13"}],"curies":[{"name":"wp","href":"https:\/\/api.w.org\/{rel}","templated":true}]}}