{"id":2,"date":"2012-09-20T16:54:13","date_gmt":"2012-09-20T15:54:13","guid":{"rendered":"http:\/\/www.gtelectricite.com\/?page_id=2"},"modified":"2025-02-11T19:00:21","modified_gmt":"2025-02-11T18:00:21","slug":"accueil","status":"publish","type":"page","link":"https:\/\/www.gtelectricite.com\/","title":{"rendered":"Accueil"},"content":{"rendered":"<p style=\"text-align: left;\"><a href=\"https:\/\/www.gtelectricite.com\/en\">(English Version)<img loading=\"lazy\" decoding=\"async\" class=\" wp-image-108 alignleft\" title=\"en-flag\" src=\"https:\/\/www.gtelectricite.com\/wp-content\/uploads\/2012\/09\/en-flag-300x187.gif\" alt=\"\" width=\"30\" height=\"15\" \/><\/a><\/p>\n<p>Bonjour et bienvenue sur www.gtelectricite.com<\/p>\n<p>GTElectricit\u00e9 est une entreprise bas\u00e9e \u00e0 Nice qui r\u00e9alise des travaux d&#8217;ordre \u00e9lectrique de dimensions limit\u00e9es dans des locaux d&#8217;habitation.<\/p>\n<p>Quelques exemples sont d\u00e9taill\u00e9s sur la page suivante.<\/p>\n<p><em>Derni\u00e8re mise \u00e0 jour lundi 11 f\u00e9vrier 2025.<br \/>\n<\/em><\/p>\n","protected":false},"excerpt":{"rendered":"<p>(English Version) Bonjour et bienvenue sur www.gtelectricite.com GTElectricit\u00e9 est une entreprise bas\u00e9e \u00e0 Nice qui r\u00e9alise des travaux d&#8217;ordre \u00e9lectrique de dimensions limit\u00e9es dans des locaux d&#8217;habitation. Quelques exemples sont d\u00e9taill\u00e9s sur la page suivante. Derni\u00e8re mise \u00e0 jour lundi &hellip; <a href=\"https:\/\/www.gtelectricite.com\/\">Continue reading <span class=\"meta-nav\">&rarr;<\/span><\/a><\/p>\n","protected":false},"author":1,"featured_media":0,"parent":0,"menu_order":1,"comment_status":"closed","ping_status":"closed","template":"onecolumn-page.php","meta":{"footnotes":""},"class_list":["post-2","page","type-page","status-publish","hentry"],"_links":{"self":[{"href":"https:\/\/www.gtelectricite.com\/index.php?rest_route=\/wp\/v2\/pages\/2","targetHints":{"allow":["GET"]}}],"collection":[{"href":"https:\/\/www.gtelectricite.com\/index.php?rest_route=\/wp\/v2\/pages"}],"about":[{"href":"https:\/\/www.gtelectricite.com\/index.php?rest_route=\/wp\/v2\/types\/page"}],"author":[{"embeddable":true,"href":"https:\/\/www.gtelectricite.com\/index.php?rest_route=\/wp\/v2\/users\/1"}],"replies":[{"embeddable":true,"href":"https:\/\/www.gtelectricite.com\/index.php?rest_route=%2Fwp%2Fv2%2Fcomments&post=2"}],"version-history":[{"count":48,"href":"https:\/\/www.gtelectricite.com\/index.php?rest_route=\/wp\/v2\/pages\/2\/revisions"}],"predecessor-version":[{"id":188,"href":"https:\/\/www.gtelectricite.com\/index.php?rest_route=\/wp\/v2\/pages\/2\/revisions\/188"}],"wp:attachment":[{"href":"https:\/\/www.gtelectricite.com\/index.php?rest_route=%2Fwp%2Fv2%2Fmedia&parent=2"}],"curies":[{"name":"wp","href":"https:\/\/api.w.org\/{rel}","templated":true}]}}